{"id":99,"date":"2025-09-24T18:33:00","date_gmt":"2025-09-24T16:33:00","guid":{"rendered":"https:\/\/tomascz.com\/?page_id=99"},"modified":"2025-09-24T18:34:09","modified_gmt":"2025-09-24T16:34:09","slug":"historia-de-fortnite","status":"publish","type":"page","link":"https:\/\/tomascz.com\/index.php\/historia-de-fortnite\/","title":{"rendered":"Historia de Fortnite"},"content":{"rendered":"\n<div class=\"wp-block-group is-layout-constrained wp-block-group-is-layout-constrained\"><ul class=\"wp-block-latest-posts__list wp-block-latest-posts\"><li><a class=\"wp-block-latest-posts__post-title\" href=\"https:\/\/tomascz.com\/index.php\/2025\/09\/24\/guia-completa-de-fortnite-historia-temporadas-y-evolucion-del-battle-royale-mas-grande-del-mundo\/\">Gu\u00eda Completa de Fortnite: Historia, Temporadas y Evoluci\u00f3n del Battle Royale m\u00e1s Grande del Mundo<\/a><\/li>\n<li><a class=\"wp-block-latest-posts__post-title\" href=\"https:\/\/tomascz.com\/index.php\/2025\/09\/07\/historia-fortnite-capitulo-1-temporada-4\/\">Fortnite Cap\u00edtulo 1 \u2013 Temporada 4: el impacto del meteorito que lo cambi\u00f3 todo<\/a><\/li>\n<li><a class=\"wp-block-latest-posts__post-title\" href=\"https:\/\/tomascz.com\/index.php\/2025\/09\/01\/historia-fortnite-capitulo-1\/\">Cap\u00edtulo 1 de Fortnite (2017\u20132019): el nacimiento de un fen\u00f3meno mundial<\/a><\/li>\n<\/ul><\/div>\n\n\n\n<p><\/p>\n","protected":false},"excerpt":{"rendered":"","protected":false},"author":1,"featured_media":0,"parent":0,"menu_order":0,"comment_status":"closed","ping_status":"closed","template":"","meta":{"_acf_changed":false,"footnotes":""},"class_list":["post-99","page","type-page","status-publish","hentry"],"acf":[],"yoast_head":"<!-- This site is optimized with the Yoast SEO plugin v27.0 - https:\/\/yoast.com\/product\/yoast-seo-wordpress\/ -->\n<title>Historia de Fortnite - TomasCz<\/title>\n<meta name=\"robots\" content=\"index, follow, max-snippet:-1, max-image-preview:large, max-video-preview:-1\" \/>\n<link rel=\"canonical\" href=\"https:\/\/tomascz.com\/index.php\/historia-de-fortnite\/\" \/>\n<meta property=\"og:locale\" content=\"es_ES\" \/>\n<meta property=\"og:type\" content=\"article\" \/>\n<meta property=\"og:title\" content=\"Historia de Fortnite - TomasCz\" \/>\n<meta property=\"og:url\" content=\"https:\/\/tomascz.com\/index.php\/historia-de-fortnite\/\" \/>\n<meta property=\"og:site_name\" content=\"TomasCz\" \/>\n<meta property=\"article:modified_time\" content=\"2025-09-24T16:34:09+00:00\" \/>\n<meta name=\"twitter:card\" content=\"summary_large_image\" \/>\n<script type=\"application\/ld+json\" class=\"yoast-schema-graph\">{\"@context\":\"https:\/\/schema.org\",\"@graph\":[{\"@type\":\"WebPage\",\"@id\":\"https:\/\/tomascz.com\/index.php\/historia-de-fortnite\/\",\"url\":\"https:\/\/tomascz.com\/index.php\/historia-de-fortnite\/\",\"name\":\"Historia de Fortnite - TomasCz\",\"isPartOf\":{\"@id\":\"https:\/\/tomascz.com\/#website\"},\"datePublished\":\"2025-09-24T16:33:00+00:00\",\"dateModified\":\"2025-09-24T16:34:09+00:00\",\"breadcrumb\":{\"@id\":\"https:\/\/tomascz.com\/index.php\/historia-de-fortnite\/#breadcrumb\"},\"inLanguage\":\"es\",\"potentialAction\":[{\"@type\":\"ReadAction\",\"target\":[\"https:\/\/tomascz.com\/index.php\/historia-de-fortnite\/\"]}]},{\"@type\":\"BreadcrumbList\",\"@id\":\"https:\/\/tomascz.com\/index.php\/historia-de-fortnite\/#breadcrumb\",\"itemListElement\":[{\"@type\":\"ListItem\",\"position\":1,\"name\":\"Portada\",\"item\":\"https:\/\/tomascz.com\/\"},{\"@type\":\"ListItem\",\"position\":2,\"name\":\"Historia de Fortnite\"}]},{\"@type\":\"WebSite\",\"@id\":\"https:\/\/tomascz.com\/#website\",\"url\":\"https:\/\/tomascz.com\/\",\"name\":\"TomasCz\",\"description\":\"\",\"publisher\":{\"@id\":\"https:\/\/tomascz.com\/#organization\"},\"potentialAction\":[{\"@type\":\"SearchAction\",\"target\":{\"@type\":\"EntryPoint\",\"urlTemplate\":\"https:\/\/tomascz.com\/?s={search_term_string}\"},\"query-input\":{\"@type\":\"PropertyValueSpecification\",\"valueRequired\":true,\"valueName\":\"search_term_string\"}}],\"inLanguage\":\"es\"},{\"@type\":\"Organization\",\"@id\":\"https:\/\/tomascz.com\/#organization\",\"name\":\"TomasCz\",\"url\":\"https:\/\/tomascz.com\/\",\"logo\":{\"@type\":\"ImageObject\",\"inLanguage\":\"es\",\"@id\":\"https:\/\/tomascz.com\/#\/schema\/logo\/image\/\",\"url\":\"https:\/\/tomascz.com\/wp-content\/uploads\/2025\/09\/cropped-logo_tcz.png\",\"contentUrl\":\"https:\/\/tomascz.com\/wp-content\/uploads\/2025\/09\/cropped-logo_tcz.png\",\"width\":512,\"height\":512,\"caption\":\"TomasCz\"},\"image\":{\"@id\":\"https:\/\/tomascz.com\/#\/schema\/logo\/image\/\"}}]}<\/script>\n<!-- \/ Yoast SEO plugin. -->","yoast_head_json":{"title":"Historia de Fortnite - TomasCz","robots":{"index":"index","follow":"follow","max-snippet":"max-snippet:-1","max-image-preview":"max-image-preview:large","max-video-preview":"max-video-preview:-1"},"canonical":"https:\/\/tomascz.com\/index.php\/historia-de-fortnite\/","og_locale":"es_ES","og_type":"article","og_title":"Historia de Fortnite - TomasCz","og_url":"https:\/\/tomascz.com\/index.php\/historia-de-fortnite\/","og_site_name":"TomasCz","article_modified_time":"2025-09-24T16:34:09+00:00","twitter_card":"summary_large_image","schema":{"@context":"https:\/\/schema.org","@graph":[{"@type":"WebPage","@id":"https:\/\/tomascz.com\/index.php\/historia-de-fortnite\/","url":"https:\/\/tomascz.com\/index.php\/historia-de-fortnite\/","name":"Historia de Fortnite - TomasCz","isPartOf":{"@id":"https:\/\/tomascz.com\/#website"},"datePublished":"2025-09-24T16:33:00+00:00","dateModified":"2025-09-24T16:34:09+00:00","breadcrumb":{"@id":"https:\/\/tomascz.com\/index.php\/historia-de-fortnite\/#breadcrumb"},"inLanguage":"es","potentialAction":[{"@type":"ReadAction","target":["https:\/\/tomascz.com\/index.php\/historia-de-fortnite\/"]}]},{"@type":"BreadcrumbList","@id":"https:\/\/tomascz.com\/index.php\/historia-de-fortnite\/#breadcrumb","itemListElement":[{"@type":"ListItem","position":1,"name":"Portada","item":"https:\/\/tomascz.com\/"},{"@type":"ListItem","position":2,"name":"Historia de Fortnite"}]},{"@type":"WebSite","@id":"https:\/\/tomascz.com\/#website","url":"https:\/\/tomascz.com\/","name":"TomasCz","description":"","publisher":{"@id":"https:\/\/tomascz.com\/#organization"},"potentialAction":[{"@type":"SearchAction","target":{"@type":"EntryPoint","urlTemplate":"https:\/\/tomascz.com\/?s={search_term_string}"},"query-input":{"@type":"PropertyValueSpecification","valueRequired":true,"valueName":"search_term_string"}}],"inLanguage":"es"},{"@type":"Organization","@id":"https:\/\/tomascz.com\/#organization","name":"TomasCz","url":"https:\/\/tomascz.com\/","logo":{"@type":"ImageObject","inLanguage":"es","@id":"https:\/\/tomascz.com\/#\/schema\/logo\/image\/","url":"https:\/\/tomascz.com\/wp-content\/uploads\/2025\/09\/cropped-logo_tcz.png","contentUrl":"https:\/\/tomascz.com\/wp-content\/uploads\/2025\/09\/cropped-logo_tcz.png","width":512,"height":512,"caption":"TomasCz"},"image":{"@id":"https:\/\/tomascz.com\/#\/schema\/logo\/image\/"}}]}},"jetpack_sharing_enabled":true,"_links":{"self":[{"href":"https:\/\/tomascz.com\/index.php\/wp-json\/wp\/v2\/pages\/99","targetHints":{"allow":["GET"]}}],"collection":[{"href":"https:\/\/tomascz.com\/index.php\/wp-json\/wp\/v2\/pages"}],"about":[{"href":"https:\/\/tomascz.com\/index.php\/wp-json\/wp\/v2\/types\/page"}],"author":[{"embeddable":true,"href":"https:\/\/tomascz.com\/index.php\/wp-json\/wp\/v2\/users\/1"}],"replies":[{"embeddable":true,"href":"https:\/\/tomascz.com\/index.php\/wp-json\/wp\/v2\/comments?post=99"}],"version-history":[{"count":3,"href":"https:\/\/tomascz.com\/index.php\/wp-json\/wp\/v2\/pages\/99\/revisions"}],"predecessor-version":[{"id":106,"href":"https:\/\/tomascz.com\/index.php\/wp-json\/wp\/v2\/pages\/99\/revisions\/106"}],"wp:attachment":[{"href":"https:\/\/tomascz.com\/index.php\/wp-json\/wp\/v2\/media?parent=99"}],"curies":[{"name":"wp","href":"https:\/\/api.w.org\/{rel}","templated":true}]}}