{"id":10,"date":"2025-09-22T21:08:50","date_gmt":"2025-09-22T19:08:50","guid":{"rendered":"https:\/\/tomascz.com\/?page_id=10"},"modified":"2025-09-22T22:52:00","modified_gmt":"2025-09-22T20:52:00","slug":"inicio","status":"publish","type":"page","link":"https:\/\/tomascz.com\/","title":{"rendered":"Inicio"},"content":{"rendered":"\n<div class=\"wp-block-cover alignfull is-dark\" style=\"min-height:520px;aspect-ratio:unset;\"><img loading=\"lazy\" decoding=\"async\" width=\"1024\" height=\"574\" class=\"wp-block-cover__image-background wp-image-56 size-large\" alt=\"\" src=\"https:\/\/tomascz.com\/wp-content\/uploads\/2025\/09\/TomasCz-1024x574.png\" data-object-fit=\"cover\" srcset=\"https:\/\/tomascz.com\/wp-content\/uploads\/2025\/09\/TomasCz-1024x574.png 1024w, https:\/\/tomascz.com\/wp-content\/uploads\/2025\/09\/TomasCz-300x168.png 300w, https:\/\/tomascz.com\/wp-content\/uploads\/2025\/09\/TomasCz-768x430.png 768w, https:\/\/tomascz.com\/wp-content\/uploads\/2025\/09\/TomasCz.png 1456w\" sizes=\"auto, (max-width: 1024px) 100vw, 1024px\" \/><span aria-hidden=\"true\" class=\"wp-block-cover__background has-background-dim\" style=\"background-color:#3f475c\"><\/span><div class=\"wp-block-cover__inner-container is-layout-flow wp-block-cover-is-layout-flow\">\n<div class=\"wp-block-group is-layout-constrained wp-container-core-group-is-layout-5fb0786f wp-block-group-is-layout-constrained\">\n<div style=\"height:20px\" aria-hidden=\"true\" class=\"wp-block-spacer\"><\/div>\n\n\n\n<h1 class=\"wp-block-heading has-text-align-left\">TomasCz \u2013 Mapas creativos de Fortnite en Espa\u00f1a<\/h1>\n\n\n\n<p class=\"has-large-font-size\">Juega mis islas oficiales, entrena tu <strong>AIM<\/strong> y descubre noticias y gu\u00edas en espa\u00f1ol.<\/p>\n\n\n\n<div class=\"wp-block-buttons is-layout-flex wp-block-buttons-is-layout-flex\">\n<div class=\"wp-block-button\"><a class=\"wp-block-button__link has-black-color has-vivid-cyan-blue-background-color has-text-color has-background wp-element-button\" href=\"#islas\">\ud83c\udfae Jugar mis islas<\/a><\/div>\n\n\n\n<div class=\"wp-block-button is-style-outline is-style-outline--1\"><a class=\"wp-block-button__link wp-element-button\" href=\"\/links\/\">\ud83d\udd17 Mis redes \/ Links<\/a><\/div>\n<\/div>\n\n\n\n<div style=\"height:30px\" aria-hidden=\"true\" class=\"wp-block-spacer\"><\/div>\n<\/div>\n<\/div><\/div>\n\n\n\n<section class=\"wp-block-group is-layout-constrained wp-container-core-group-is-layout-ef1c6f13 wp-block-group-is-layout-constrained\" style=\"padding-top:40px;padding-bottom:10px\">\n<h2 class=\"wp-block-heading\" id=\"islas\">Mis islas destacadas<\/h2>\n\n\n\n<p>Copia el c\u00f3digo o entra directo desde el navegador con <code>play.fn.gg<\/code>.<\/p>\n\n\n\n<div class=\"wp-block-columns alignwide is-layout-flex wp-container-core-columns-is-layout-28f84493 wp-block-columns-is-layout-flex\">\n<div class=\"wp-block-column is-layout-flow wp-block-column-is-layout-flow\">\n<div class=\"wp-block-group has-border-color has-contrast-border-color is-layout-flow wp-block-group-is-layout-flow\" style=\"border-width:1px;border-radius:14px;padding-top:16px;padding-right:16px;padding-bottom:16px;padding-left:16px\">\n<h3 class=\"wp-block-heading\">1v1 Super Guns<\/h3>\n\n\n\n<p><strong>C\u00f3digo:<\/strong> 2624-7422-1122<\/p>\n\n\n\n<div class=\"wp-block-buttons is-layout-flex wp-block-buttons-is-layout-flex\">\n<div class=\"wp-block-button\"><a class=\"wp-block-button__link has-black-color has-vivid-cyan-blue-background-color has-text-color has-background wp-element-button\" href=\"https:\/\/play.fn.gg\/island\/2624-7422-1122\" target=\"_blank\" rel=\"noopener\">Jugar ahora<\/a><\/div>\n\n\n\n<div class=\"wp-block-button is-style-outline is-style-outline--2\"><a class=\"wp-block-button__link wp-element-button\" href=\"\/islas\/1v1-super-guns\/\">Ver detalles<\/a><\/div>\n<\/div>\n<\/div>\n<\/div>\n\n\n\n<div class=\"wp-block-column is-layout-flow wp-block-column-is-layout-flow\">\n<div class=\"wp-block-group has-border-color has-contrast-border-color is-layout-flow wp-block-group-is-layout-flow\" style=\"border-width:1px;border-radius:14px;padding-top:16px;padding-right:16px;padding-bottom:16px;padding-left:16px\">\n<h3 class=\"wp-block-heading\">Prism Dash<\/h3>\n\n\n\n<p><strong>C\u00f3digo:<\/strong> 1668-0141-0296<\/p>\n\n\n\n<div class=\"wp-block-buttons is-layout-flex wp-block-buttons-is-layout-flex\">\n<div class=\"wp-block-button\"><a class=\"wp-block-button__link has-black-color has-vivid-cyan-blue-background-color has-text-color has-background wp-element-button\" href=\"https:\/\/play.fn.gg\/island\/1668-0141-0296\" target=\"_blank\" rel=\"noopener\">Jugar ahora<\/a><\/div>\n\n\n\n<div class=\"wp-block-button is-style-outline is-style-outline--3\"><a class=\"wp-block-button__link wp-element-button\" href=\"\/islas\/prism-dash\/\">Ver detalles<\/a><\/div>\n<\/div>\n<\/div>\n<\/div>\n\n\n\n<div class=\"wp-block-column is-layout-flow wp-block-column-is-layout-flow\">\n<div class=\"wp-block-group has-border-color has-contrast-border-color is-layout-flow wp-block-group-is-layout-flow\" style=\"border-width:1px;border-radius:14px;padding-top:16px;padding-right:16px;padding-bottom:16px;padding-left:16px\">\n<h3 class=\"wp-block-heading\">1v1v1 Reload Rapid<\/h3>\n\n\n\n<p><strong>C\u00f3digo:<\/strong> 1700-5562-3688<\/p>\n\n\n\n<div class=\"wp-block-buttons is-layout-flex wp-block-buttons-is-layout-flex\">\n<div class=\"wp-block-button\"><a class=\"wp-block-button__link has-black-color has-vivid-cyan-blue-background-color has-text-color has-background wp-element-button\" href=\"https:\/\/play.fn.gg\/island\/1700-5562-3688\" target=\"_blank\" rel=\"noopener\">Jugar ahora<\/a><\/div>\n\n\n\n<div class=\"wp-block-button is-style-outline is-style-outline--4\"><a class=\"wp-block-button__link wp-element-button\" href=\"\/islas\/1v1v1-reload-rapid\/\">Ver detalles<\/a><\/div>\n<\/div>\n<\/div>\n<\/div>\n<\/div>\n\n\n\n<p class=\"has-small-font-size\">\u00bfBuscas m\u00e1s mapas? <a href=\"\/islas\/\">Ver todas las islas<\/a>.<\/p>\n<\/section>\n\n\n\n<section class=\"wp-block-group has-base-color has-contrast-background-color has-text-color has-background is-layout-constrained wp-container-core-group-is-layout-220c4bbd wp-block-group-is-layout-constrained\" style=\"padding-top:20px;padding-bottom:20px\">\n<div class=\"wp-block-columns are-vertically-aligned-center is-layout-flex wp-container-core-columns-is-layout-28f84493 wp-block-columns-is-layout-flex\">\n<div class=\"wp-block-column is-vertically-aligned-center is-layout-flow wp-block-column-is-layout-flow\">\n<h3 class=\"wp-block-heading\">Mejora tu AIM m\u00e1s r\u00e1pido<\/h3>\n\n\n\n<p>Sigue nuestras <a href=\"\/guias\/\">gu\u00edas<\/a> y practica a diario en <strong>1v1 Super Guns<\/strong> y <strong>Reload Rapid<\/strong>. Consejos, sensibilidad, warm-up y ejercicios reales.<\/p>\n<\/div>\n\n\n\n<div class=\"wp-block-column is-vertically-aligned-center is-layout-flow wp-block-column-is-layout-flow\">\n<div class=\"wp-block-buttons is-content-justification-right is-layout-flex wp-container-core-buttons-is-layout-d445cf74 wp-block-buttons-is-layout-flex\">\n<div class=\"wp-block-button\"><a class=\"wp-block-button__link has-black-color has-vivid-cyan-blue-background-color has-text-color has-background wp-element-button\" href=\"\/guias\/\">Ver gu\u00edas<\/a><\/div>\n\n\n\n<div class=\"wp-block-button is-style-outline is-style-outline--5\"><a class=\"wp-block-button__link wp-element-button\" href=\"\/links\/\">Seguir a TomasCz<\/a><\/div>\n<\/div>\n<\/div>\n<\/div>\n<\/section>\n\n\n\n<section class=\"wp-block-group is-layout-constrained wp-container-core-group-is-layout-87ad3e7d wp-block-group-is-layout-constrained\" style=\"padding-top:30px;padding-bottom:30px\">\n<h2 class=\"wp-block-heading\">\u00daltimas noticias<\/h2>\n\n\n\n<div class=\"wp-block-query is-layout-flow wp-block-query-is-layout-flow\"><ul class=\"wp-block-post-template is-layout-flow wp-block-post-template-is-layout-flow\"><li class=\"wp-block-post post-421 post type-post status-publish format-standard has-post-thumbnail hentry category-actualizaciones category-noticias\">\n\n<div class=\"wp-block-group has-border-color has-contrast-border-color is-layout-constrained wp-container-core-group-is-layout-5cabb9ac wp-block-group-is-layout-constrained\" style=\"border-width:1px;border-radius:14px;padding-top:14px;padding-right:14px;padding-bottom:14px;padding-left:14px\"><figure style=\"height:180px;\" class=\"wp-block-post-featured-image\"><a href=\"https:\/\/tomascz.com\/index.php\/2026\/02\/19\/fortnite-festival-farolillos-2026-recarga-equipos-8\/\" target=\"_self\"  style=\"height:180px\"><img loading=\"lazy\" decoding=\"async\" width=\"1920\" height=\"1080\" src=\"https:\/\/tomascz.com\/wp-content\/uploads\/2026\/02\/fortnite-lantern-fest-reload-teams-of-8.jpg\" class=\"attachment-post-thumbnail size-post-thumbnail wp-post-image\" alt=\"Festival de los Farolillos 2026 en Fortnite: equipos de 8 en Recarga, recompensas gratis y Copa especial\" style=\"border-radius:10px;height:180px;object-fit:cover;\" \/><\/a><\/figure>\n\n<h2 class=\"wp-block-post-title\"><a href=\"https:\/\/tomascz.com\/index.php\/2026\/02\/19\/fortnite-festival-farolillos-2026-recarga-equipos-8\/\" target=\"_self\" >Festival de los Farolillos 2026 en Fortnite: equipos de 8 en Recarga, recompensas gratis y Copa especial<\/a><\/h2>\n\n<div class=\"wp-block-post-excerpt\"><p class=\"wp-block-post-excerpt__excerpt\">Festival de los Farolillos 2026 en Fortnite: equipos de 8 en Recarga, recompensas gratis y Copa especial Fortnite enciende los farolillos y sube el list\u00f3n de Recarga: el Festival de los Farolillos 2026 celebra a la comunidad de Oriente Medio y el norte de \u00c1frica (MENA) con una novedad que cambia por completo la experiencia:<\/p><p class=\"wp-block-post-excerpt__more-text\"><a class=\"wp-block-post-excerpt__more-link\" href=\"https:\/\/tomascz.com\/index.php\/2026\/02\/19\/fortnite-festival-farolillos-2026-recarga-equipos-8\/\">Leer m\u00e1s \u2192<\/a><\/p><\/div><\/div>\n\n<\/li><li class=\"wp-block-post post-412 post type-post status-publish format-standard has-post-thumbnail hentry category-actualizaciones category-noticias\">\n\n<div class=\"wp-block-group has-border-color has-contrast-border-color is-layout-constrained wp-container-core-group-is-layout-5cabb9ac wp-block-group-is-layout-constrained\" style=\"border-width:1px;border-radius:14px;padding-top:14px;padding-right:14px;padding-bottom:14px;padding-left:14px\"><figure style=\"height:180px;\" class=\"wp-block-post-featured-image\"><a href=\"https:\/\/tomascz.com\/index.php\/2026\/02\/05\/fortnite-amor-y-leyendas-febrero-2026\/\" target=\"_self\"  style=\"height:180px\"><img loading=\"lazy\" decoding=\"async\" width=\"1920\" height=\"1080\" src=\"https:\/\/tomascz.com\/wp-content\/uploads\/2026\/02\/fortnite-love-and-legends.jpg\" class=\"attachment-post-thumbnail size-post-thumbnail wp-post-image\" alt=\"Amor y leyendas llega a Fortnite: recompensas gratis, bot\u00edn de San Valent\u00edn y el regreso de HUNTR\/X\" style=\"border-radius:10px;height:180px;object-fit:cover;\" \/><\/a><\/figure>\n\n<h2 class=\"wp-block-post-title\"><a href=\"https:\/\/tomascz.com\/index.php\/2026\/02\/05\/fortnite-amor-y-leyendas-febrero-2026\/\" target=\"_self\" >Amor y leyendas llega a Fortnite: recompensas gratis, bot\u00edn de San Valent\u00edn y el regreso de HUNTR\/X<\/a><\/h2>\n\n<div class=\"wp-block-post-excerpt\"><p class=\"wp-block-post-excerpt__excerpt\">Amor y leyendas llega a Fortnite: recompensas gratis, bot\u00edn de San Valent\u00edn y el regreso de HUNTR\/X Febrero en Fortnite viene cargado: Amor y leyendas arranca con bot\u00edn tem\u00e1tico de San Valent\u00edn, el regreso de objetos m\u00edticos del universo de Los Siete y la vuelta de HUNTR\/X en modos sin rango. Todo ello acompa\u00f1ado por<\/p><p class=\"wp-block-post-excerpt__more-text\"><a class=\"wp-block-post-excerpt__more-link\" href=\"https:\/\/tomascz.com\/index.php\/2026\/02\/05\/fortnite-amor-y-leyendas-febrero-2026\/\">Leer m\u00e1s \u2192<\/a><\/p><\/div><\/div>\n\n<\/li><li class=\"wp-block-post post-399 post type-post status-publish format-standard has-post-thumbnail hentry category-actualizaciones category-eventos category-noticias\">\n\n<div class=\"wp-block-group has-border-color has-contrast-border-color is-layout-constrained wp-container-core-group-is-layout-5cabb9ac wp-block-group-is-layout-constrained\" style=\"border-width:1px;border-radius:14px;padding-top:14px;padding-right:14px;padding-bottom:14px;padding-left:14px\"><figure style=\"height:180px;\" class=\"wp-block-post-featured-image\"><a href=\"https:\/\/tomascz.com\/index.php\/2026\/02\/02\/fortnite-festival-chappell-roan-temporada-13\/\" target=\"_self\"  style=\"height:180px\"><img loading=\"lazy\" decoding=\"async\" width=\"1920\" height=\"1080\" src=\"https:\/\/tomascz.com\/wp-content\/uploads\/2026\/02\/fortnite-chappell-roan.jpg\" class=\"attachment-post-thumbnail size-post-thumbnail wp-post-image\" alt=\"Chappell Roan llega a Fortnite Festival: la \u201cprincesa Midwest\u201d protagoniza la Temporada 13\" style=\"border-radius:10px;height:180px;object-fit:cover;\" \/><\/a><\/figure>\n\n<h2 class=\"wp-block-post-title\"><a href=\"https:\/\/tomascz.com\/index.php\/2026\/02\/02\/fortnite-festival-chappell-roan-temporada-13\/\" target=\"_self\" >Chappell Roan llega a Fortnite Festival: la \u201cprincesa Midwest\u201d protagoniza la Temporada 13<\/a><\/h2>\n\n<div class=\"wp-block-post-excerpt\"><p class=\"wp-block-post-excerpt__excerpt\">Chappell Roan llega a Fortnite Festival: la \u201cprincesa Midwest\u201d protagoniza la Temporada 13 Fortnite Festival arranca una nueva etapa con una invitada de lujo: Chappell Roan ser\u00e1 el \u00eddolo de laTemporada 13, que comienza el 5 de febrero. Y s\u00ed: el juego se sube oficialmente al\u201cPink Pony Club\u201d con nuevas pistas, cosm\u00e9ticos y un pase<\/p><p class=\"wp-block-post-excerpt__more-text\"><a class=\"wp-block-post-excerpt__more-link\" href=\"https:\/\/tomascz.com\/index.php\/2026\/02\/02\/fortnite-festival-chappell-roan-temporada-13\/\">Leer m\u00e1s \u2192<\/a><\/p><\/div><\/div>\n\n<\/li><\/ul>\n\n<\/div>\n\n\n\n<p class=\"has-small-font-size\"><a href=\"\/noticias\/\">Ver todas las noticias<\/a><\/p>\n<\/section>\n\n\n\n<section class=\"wp-block-group is-layout-constrained wp-container-core-group-is-layout-220c4bbd wp-block-group-is-layout-constrained\" style=\"padding-top:20px;padding-bottom:20px\">\n<h2 class=\"wp-block-heading\">V\u00eddeos y clips<\/h2>\n\n\n\n<p>Gameplays, tutoriales y novedades. S\u00edgueme en <a href=\"https:\/\/www.youtube.com\/@TomasCz_ES\" target=\"_blank\" rel=\"noopener\">YouTube<\/a> y <a href=\"https:\/\/www.tiktok.com\/@TomasCz_ES\" target=\"_blank\" rel=\"noopener\">TikTok<\/a>.<\/p>\n\n\n<\/section>\n\n\n\n<section class=\"wp-block-group is-layout-constrained wp-container-core-group-is-layout-e936d47a wp-block-group-is-layout-constrained\" style=\"padding-top:20px;padding-bottom:40px\">\n<div class=\"wp-block-columns is-layout-flex wp-container-core-columns-is-layout-28f84493 wp-block-columns-is-layout-flex\">\n<div class=\"wp-block-column is-layout-flow wp-block-column-is-layout-flow\">\n<h2 class=\"wp-block-heading\">Sobre m\u00ed<\/h2>\n\n\n\n<p>Soy <strong>TomasCz<\/strong>, creador de islas de Fortnite. Dise\u00f1o mapas como <em>Prism Dash<\/em>, <em>1v1 Super Guns<\/em> y <em>Reload Rapid<\/em> para que mejores y te diviertas con amigos.<\/p>\n\n\n\n<div class=\"wp-block-buttons is-layout-flex wp-block-buttons-is-layout-flex\">\n<div class=\"wp-block-button is-style-outline is-style-outline--6\"><a class=\"wp-block-button__link wp-element-button\" href=\"\/sobre-mi\/\">Con\u00f3ceme<\/a><\/div>\n<\/div>\n<\/div>\n\n\n\n<div class=\"wp-block-column is-layout-flow wp-block-column-is-layout-flow\">\n<h2 class=\"wp-block-heading\">Contacto \/ Colaboraciones<\/h2>\n\n\n\n<p>\u00bfQuieres colaborar, patrocinar un evento o proponer ideas? Estoy abierto a proyectos con marcas y creadores.<\/p>\n\n\n\n<div class=\"wp-block-buttons is-layout-flex wp-block-buttons-is-layout-flex\">\n<div class=\"wp-block-button\"><a class=\"wp-block-button__link has-black-color has-vivid-cyan-blue-background-color has-text-color has-background wp-element-button\" href=\"\/contacto\/\">Escr\u00edbeme<\/a><\/div>\n<\/div>\n<\/div>\n<\/div>\n<\/section>\n","protected":false},"excerpt":{"rendered":"<p>Mis islas destacadas Copia el c\u00f3digo o entra directo desde el navegador con play.fn.gg. 1v1 Super Guns C\u00f3digo: 2624-7422-1122 Prism Dash C\u00f3digo: 1668-0141-0296 1v1v1 Reload Rapid C\u00f3digo: 1700-5562-3688 \u00bfBuscas m\u00e1s mapas? Ver todas las islas. Mejora tu AIM m\u00e1s r\u00e1pido Sigue nuestras gu\u00edas y practica a diario en 1v1 Super Guns y Reload Rapid. Consejos,<\/p>\n","protected":false},"author":1,"featured_media":0,"parent":0,"menu_order":0,"comment_status":"closed","ping_status":"closed","template":"","meta":{"_acf_changed":false,"footnotes":""},"class_list":["post-10","page","type-page","status-publish","hentry"],"acf":[],"yoast_head":"<!-- This site is optimized with the Yoast SEO plugin v27.0 - https:\/\/yoast.com\/product\/yoast-seo-wordpress\/ -->\n<title>Inicio - TomasCz<\/title>\n<meta name=\"robots\" content=\"index, follow, max-snippet:-1, max-image-preview:large, max-video-preview:-1\" \/>\n<link rel=\"canonical\" href=\"https:\/\/tomascz.com\/\" \/>\n<meta property=\"og:locale\" content=\"es_ES\" \/>\n<meta property=\"og:type\" content=\"article\" \/>\n<meta property=\"og:title\" content=\"Inicio - TomasCz\" \/>\n<meta property=\"og:description\" content=\"Mis islas destacadas Copia el c\u00f3digo o entra directo desde el navegador con play.fn.gg. 1v1 Super Guns C\u00f3digo: 2624-7422-1122 Prism Dash C\u00f3digo: 1668-0141-0296 1v1v1 Reload Rapid C\u00f3digo: 1700-5562-3688 \u00bfBuscas m\u00e1s mapas? Ver todas las islas. Mejora tu AIM m\u00e1s r\u00e1pido Sigue nuestras gu\u00edas y practica a diario en 1v1 Super Guns y Reload Rapid. Consejos,\" \/>\n<meta property=\"og:url\" content=\"https:\/\/tomascz.com\/\" \/>\n<meta property=\"og:site_name\" content=\"TomasCz\" \/>\n<meta property=\"article:modified_time\" content=\"2025-09-22T20:52:00+00:00\" \/>\n<meta property=\"og:image\" content=\"https:\/\/tomascz.com\/wp-content\/uploads\/2025\/09\/TomasCz.png\" \/>\n\t<meta property=\"og:image:width\" content=\"1456\" \/>\n\t<meta property=\"og:image:height\" content=\"816\" \/>\n\t<meta property=\"og:image:type\" content=\"image\/png\" \/>\n<meta name=\"twitter:card\" content=\"summary_large_image\" \/>\n<meta name=\"twitter:label1\" content=\"Tiempo de lectura\" \/>\n\t<meta name=\"twitter:data1\" content=\"2 minutos\" \/>\n<script type=\"application\/ld+json\" class=\"yoast-schema-graph\">{\"@context\":\"https:\/\/schema.org\",\"@graph\":[{\"@type\":\"WebPage\",\"@id\":\"https:\/\/tomascz.com\/\",\"url\":\"https:\/\/tomascz.com\/\",\"name\":\"Inicio - TomasCz\",\"isPartOf\":{\"@id\":\"https:\/\/tomascz.com\/#website\"},\"primaryImageOfPage\":{\"@id\":\"https:\/\/tomascz.com\/#primaryimage\"},\"image\":{\"@id\":\"https:\/\/tomascz.com\/#primaryimage\"},\"thumbnailUrl\":\"https:\/\/tomascz.com\/wp-content\/uploads\/2025\/09\/TomasCz-1024x574.png\",\"datePublished\":\"2025-09-22T19:08:50+00:00\",\"dateModified\":\"2025-09-22T20:52:00+00:00\",\"breadcrumb\":{\"@id\":\"https:\/\/tomascz.com\/#breadcrumb\"},\"inLanguage\":\"es\",\"potentialAction\":[{\"@type\":\"ReadAction\",\"target\":[\"https:\/\/tomascz.com\/\"]}]},{\"@type\":\"ImageObject\",\"inLanguage\":\"es\",\"@id\":\"https:\/\/tomascz.com\/#primaryimage\",\"url\":\"https:\/\/tomascz.com\/wp-content\/uploads\/2025\/09\/TomasCz.png\",\"contentUrl\":\"https:\/\/tomascz.com\/wp-content\/uploads\/2025\/09\/TomasCz.png\",\"width\":1456,\"height\":816},{\"@type\":\"BreadcrumbList\",\"@id\":\"https:\/\/tomascz.com\/#breadcrumb\",\"itemListElement\":[{\"@type\":\"ListItem\",\"position\":1,\"name\":\"Portada\",\"item\":\"https:\/\/tomascz.com\/\"},{\"@type\":\"ListItem\",\"position\":2,\"name\":\"Inicio\"}]},{\"@type\":\"WebSite\",\"@id\":\"https:\/\/tomascz.com\/#website\",\"url\":\"https:\/\/tomascz.com\/\",\"name\":\"TomasCz\",\"description\":\"\",\"publisher\":{\"@id\":\"https:\/\/tomascz.com\/#organization\"},\"potentialAction\":[{\"@type\":\"SearchAction\",\"target\":{\"@type\":\"EntryPoint\",\"urlTemplate\":\"https:\/\/tomascz.com\/?s={search_term_string}\"},\"query-input\":{\"@type\":\"PropertyValueSpecification\",\"valueRequired\":true,\"valueName\":\"search_term_string\"}}],\"inLanguage\":\"es\"},{\"@type\":\"Organization\",\"@id\":\"https:\/\/tomascz.com\/#organization\",\"name\":\"TomasCz\",\"url\":\"https:\/\/tomascz.com\/\",\"logo\":{\"@type\":\"ImageObject\",\"inLanguage\":\"es\",\"@id\":\"https:\/\/tomascz.com\/#\/schema\/logo\/image\/\",\"url\":\"https:\/\/tomascz.com\/wp-content\/uploads\/2025\/09\/cropped-logo_tcz.png\",\"contentUrl\":\"https:\/\/tomascz.com\/wp-content\/uploads\/2025\/09\/cropped-logo_tcz.png\",\"width\":512,\"height\":512,\"caption\":\"TomasCz\"},\"image\":{\"@id\":\"https:\/\/tomascz.com\/#\/schema\/logo\/image\/\"}}]}<\/script>\n<!-- \/ Yoast SEO plugin. -->","yoast_head_json":{"title":"Inicio - TomasCz","robots":{"index":"index","follow":"follow","max-snippet":"max-snippet:-1","max-image-preview":"max-image-preview:large","max-video-preview":"max-video-preview:-1"},"canonical":"https:\/\/tomascz.com\/","og_locale":"es_ES","og_type":"article","og_title":"Inicio - TomasCz","og_description":"Mis islas destacadas Copia el c\u00f3digo o entra directo desde el navegador con play.fn.gg. 1v1 Super Guns C\u00f3digo: 2624-7422-1122 Prism Dash C\u00f3digo: 1668-0141-0296 1v1v1 Reload Rapid C\u00f3digo: 1700-5562-3688 \u00bfBuscas m\u00e1s mapas? Ver todas las islas. Mejora tu AIM m\u00e1s r\u00e1pido Sigue nuestras gu\u00edas y practica a diario en 1v1 Super Guns y Reload Rapid. Consejos,","og_url":"https:\/\/tomascz.com\/","og_site_name":"TomasCz","article_modified_time":"2025-09-22T20:52:00+00:00","og_image":[{"width":1456,"height":816,"url":"https:\/\/tomascz.com\/wp-content\/uploads\/2025\/09\/TomasCz.png","type":"image\/png"}],"twitter_card":"summary_large_image","twitter_misc":{"Tiempo de lectura":"2 minutos"},"schema":{"@context":"https:\/\/schema.org","@graph":[{"@type":"WebPage","@id":"https:\/\/tomascz.com\/","url":"https:\/\/tomascz.com\/","name":"Inicio - TomasCz","isPartOf":{"@id":"https:\/\/tomascz.com\/#website"},"primaryImageOfPage":{"@id":"https:\/\/tomascz.com\/#primaryimage"},"image":{"@id":"https:\/\/tomascz.com\/#primaryimage"},"thumbnailUrl":"https:\/\/tomascz.com\/wp-content\/uploads\/2025\/09\/TomasCz-1024x574.png","datePublished":"2025-09-22T19:08:50+00:00","dateModified":"2025-09-22T20:52:00+00:00","breadcrumb":{"@id":"https:\/\/tomascz.com\/#breadcrumb"},"inLanguage":"es","potentialAction":[{"@type":"ReadAction","target":["https:\/\/tomascz.com\/"]}]},{"@type":"ImageObject","inLanguage":"es","@id":"https:\/\/tomascz.com\/#primaryimage","url":"https:\/\/tomascz.com\/wp-content\/uploads\/2025\/09\/TomasCz.png","contentUrl":"https:\/\/tomascz.com\/wp-content\/uploads\/2025\/09\/TomasCz.png","width":1456,"height":816},{"@type":"BreadcrumbList","@id":"https:\/\/tomascz.com\/#breadcrumb","itemListElement":[{"@type":"ListItem","position":1,"name":"Portada","item":"https:\/\/tomascz.com\/"},{"@type":"ListItem","position":2,"name":"Inicio"}]},{"@type":"WebSite","@id":"https:\/\/tomascz.com\/#website","url":"https:\/\/tomascz.com\/","name":"TomasCz","description":"","publisher":{"@id":"https:\/\/tomascz.com\/#organization"},"potentialAction":[{"@type":"SearchAction","target":{"@type":"EntryPoint","urlTemplate":"https:\/\/tomascz.com\/?s={search_term_string}"},"query-input":{"@type":"PropertyValueSpecification","valueRequired":true,"valueName":"search_term_string"}}],"inLanguage":"es"},{"@type":"Organization","@id":"https:\/\/tomascz.com\/#organization","name":"TomasCz","url":"https:\/\/tomascz.com\/","logo":{"@type":"ImageObject","inLanguage":"es","@id":"https:\/\/tomascz.com\/#\/schema\/logo\/image\/","url":"https:\/\/tomascz.com\/wp-content\/uploads\/2025\/09\/cropped-logo_tcz.png","contentUrl":"https:\/\/tomascz.com\/wp-content\/uploads\/2025\/09\/cropped-logo_tcz.png","width":512,"height":512,"caption":"TomasCz"},"image":{"@id":"https:\/\/tomascz.com\/#\/schema\/logo\/image\/"}}]}},"jetpack_sharing_enabled":true,"_links":{"self":[{"href":"https:\/\/tomascz.com\/index.php\/wp-json\/wp\/v2\/pages\/10","targetHints":{"allow":["GET"]}}],"collection":[{"href":"https:\/\/tomascz.com\/index.php\/wp-json\/wp\/v2\/pages"}],"about":[{"href":"https:\/\/tomascz.com\/index.php\/wp-json\/wp\/v2\/types\/page"}],"author":[{"embeddable":true,"href":"https:\/\/tomascz.com\/index.php\/wp-json\/wp\/v2\/users\/1"}],"replies":[{"embeddable":true,"href":"https:\/\/tomascz.com\/index.php\/wp-json\/wp\/v2\/comments?post=10"}],"version-history":[{"count":4,"href":"https:\/\/tomascz.com\/index.php\/wp-json\/wp\/v2\/pages\/10\/revisions"}],"predecessor-version":[{"id":57,"href":"https:\/\/tomascz.com\/index.php\/wp-json\/wp\/v2\/pages\/10\/revisions\/57"}],"wp:attachment":[{"href":"https:\/\/tomascz.com\/index.php\/wp-json\/wp\/v2\/media?parent=10"}],"curies":[{"name":"wp","href":"https:\/\/api.w.org\/{rel}","templated":true}]}}